{"id":929,"date":"2019-08-22T16:54:33","date_gmt":"2019-08-22T14:54:33","guid":{"rendered":"https:\/\/www.jamesandco.org\/sport-sante\/?page_id=929"},"modified":"2019-09-03T15:05:48","modified_gmt":"2019-09-03T13:05:48","slug":"yoga-dynamique","status":"publish","type":"page","link":"https:\/\/www.jamesandco.org\/sport-sante\/yoga-dynamique\/","title":{"rendered":"YOGA DYNAMIQUE"},"content":{"rendered":"<section class=\"wpb-content-wrapper\"><p>[vc_row content_placement=\u00a0\u00bbmiddle\u00a0\u00bb][vc_column][vc_column_text]<div class='fullwidth-section  ' >\t<div class=\"container\"><h3 class='border-title aligncenter'><span>Nouveau cette ann\u00e9e<\/span><\/h3>\t<\/div><\/div>[\/vc_column_text][\/vc_column][vc_column width=\u00a0\u00bb1\/2&Prime;][vc_single_image image=\u00a0\u00bb1012&Prime; img_size=\u00a0\u00bbmedium\u00a0\u00bb alignment=\u00a0\u00bbcenter\u00a0\u00bb css_animation=\u00a0\u00bbappear\u00a0\u00bb][\/vc_column][vc_column width=\u00a0\u00bb1\/2&Prime;][vc_cta h2=\u00a0\u00bbEntretien physique g\u00e9n\u00e9ral.\u00a0\u00bb h4_font_container=\u00a0\u00bbcolor:%23a0c62d\u00a0\u00bb h4_google_fonts=\u00a0\u00bbfont_family:Coda%3Aregular%2C800|font_style:400%20regular%3A400%3Anormal\u00a0\u00bb txt_align=\u00a0\u00bbcenter\u00a0\u00bb style=\u00a0\u00bboutline\u00a0\u00bb el_width=\u00a0\u00bbxl\u00a0\u00bb css_animation=\u00a0\u00bbappear\u00a0\u00bb css=\u00a0\u00bb.vc_custom_1567015368371{background-position: center !important;background-repeat: no-repeat !important;background-size: contain !important;}\u00a0\u00bb use_custom_fonts_h4=\u00a0\u00bbtrue\u00a0\u00bb][\/vc_cta][vc_cta h2=\u00a0\u00bbProfessionnelle \u00a0\u00bb h4_font_container=\u00a0\u00bbcolor:%23a0c62d\u00a0\u00bb h4_google_fonts=\u00a0\u00bbfont_family:Coda%3Aregular%2C800|font_style:400%20regular%3A400%3Anormal\u00a0\u00bb txt_align=\u00a0\u00bbcenter\u00a0\u00bb style=\u00a0\u00bboutline\u00a0\u00bb el_width=\u00a0\u00bbxl\u00a0\u00bb css_animation=\u00a0\u00bbappear\u00a0\u00bb css=\u00a0\u00bb.vc_custom_1567515781180{background-position: center !important;background-repeat: no-repeat !important;background-size: contain !important;}\u00a0\u00bb use_custom_fonts_h4=\u00a0\u00bbtrue\u00a0\u00bb]<span style=\"color: #000000;\"><span style=\"caret-color: #000000;\">Dipl\u00f4m\u00e9e Leaderfit Christine VERBRUGGHE vous guidera dans vos s\u00e9ance<\/span><\/span>[\/vc_cta][\/vc_column][\/vc_row][vc_row content_placement=\u00a0\u00bbtop\u00a0\u00bb][vc_column width=\u00a0\u00bb1\/2&Prime;][vc_custom_heading text=\u00a0\u00bbLe Yoga Dynamique\u00a0\u00bb font_container=\u00a0\u00bbtag:h3|text_align:left\u00a0\u00bb google_fonts=\u00a0\u00bbfont_family:Montserrat%3Aregular%2C700|font_style:400%20regular%3A400%3Anormal\u00a0\u00bb][vc_column_text]De l\u2019\u00e9coute \u00e0 la d\u00e9tente du corps.<br \/>\nune s\u00e9ance de YOGA dynamique le lundi soir !<br \/>\nest parfaite pour rel\u00e2cher les tensions et bien attaquer la semaine !<\/p>\n<p>Une s\u00e9ance de yoga dynamique propose une s\u00e9rie de postures liant chaque mouvements au souffle<br \/>\n(pranayama) par l\u2019inspiration et l\u2019expiration. Les mouvements sont fluides, statiques ou en mobilit\u00e9. Le<br \/>\ncorps se redynamise.<br \/>\nLa respiration est synchronis\u00e9e aux postures (asanas) ; elles d\u00e9tendent l&rsquo;esprit et lib\u00e8rent les tensions du<br \/>\ncorps Une s\u00e9ance doit se vivre dans le respect en bienveillance de son architecture corporelle et de ses<br \/>\npossibilit\u00e9s. Une pratique hebdomadaire et r\u00e9guli\u00e8re, aide \u00e0 la prise de conscience corporelle dans l\u2019instant<br \/>\npr\u00e9sent et sollicite le renforcement corporel ainsi que la flexibilit\u00e9.[\/vc_column_text][\/vc_column][vc_column width=\u00a0\u00bb1\/2&Prime;][vc_custom_heading text=\u00a0\u00bb1h15 d&rsquo;activit\u00e9 physique pour :\u00a0\u00bb font_container=\u00a0\u00bbtag:h3|text_align:left\u00a0\u00bb google_fonts=\u00a0\u00bbfont_family:Montserrat%3Aregular%2C700|font_style:400%20regular%3A400%3Anormal\u00a0\u00bb][vc_column_text]<p>B\u00e9n\u00e9fices :\n&#8211; corrige, r\u00e9\u00e9quilibre et renforce le corps dans sa .globalit\u00e9.\n&#8211; augmente la force du centre du corps, et la stabilit\u00e9.\n&#8211; r\u00e9\u00e9quilibre, tonifie, stabilise notre posture debout et assise.\n&#8211; favorise l\u2019alignement de la colonne vert\u00e9brale.\n&#8211; d\u00e9lie les articulations, apporte un bon \u00e9quilibre entre souplesse et puissance.\n&#8211; offre une lib\u00e9ration des tensions, du stress,\n&#8211; renforce la confiance et l\u2019estime de soi.\n&#8211; Apaise et vise l\u2019harmonie entre le corps et l\u2019esprit.\n&#8211; permet de mieux se conna\u00eetre au travers d\u2019une prise de conscience corporelle.<\/p>[\/vc_column_text][\/vc_column][\/vc_row][vc_row][vc_column][vc_column_text]<div class='fullwidth-section  ' >\t<div class=\"container\"><h3 class='border-title aligncenter'><span>Tarifs Yoga dynamique<\/span><\/h3>\t<\/div><\/div>[\/vc_column_text][vc_column_text]<\/p>\n<p style=\"text-align: center;\">S\u00e9ance : 250\u20ac\/an (du 12 Septembre 2019 au 30 juin 2020)<br \/>\nAdh\u00e9sion : 20\u20ac\/an<\/p>\n<p>[\/vc_column_text][vc_column_text]<\/p>\n<p style=\"text-align: center;\"><a href='https:\/\/www.jamesandco.org\/sport-sante\/inscriptions-annuelles\/' target='_self'  class='dt-sc-button   medium    '><span  data-hover='S&rsquo;inscrire'>S&rsquo;inscrire<\/span><\/a>\n<p>[\/vc_column_text][\/vc_column][\/vc_row][vc_row][vc_column][vc_column_text]<div class='fullwidth-section  ' >\t<div class=\"container\"><h3 class='border-title aligncenter'><span>Les Horaires de cours James<\/span><\/h3>\t<\/div><\/div>[\/vc_column_text][\/vc_column][vc_column]<div  class='tt_wrapper  '><div class=\"tt_navigation_wrapper \">\n\t\t<div class=\"tt_navigation_cell timetable_clearfix\"><ul class=\"timetable_clearfix tabs_box_navigation events_filter tt_responsive sf-timetable-menu\">\n\t\t\t\t<li class=\"tabs_box_navigation_selected\" aria-haspopup=\"true\"><label>Tout<\/label><span class=\"tabs_box_navigation_icon\"><\/span><ul class=\"sub-menu\"><\/ul><\/li>\n\t\t\t<\/ul><\/div><\/div><div class=\"timetable_clearfix tt_tabs tt_responsive event_layout_3\"><div class=\"tt_navigation_wrapper tt_hide\">\n\t\t<div class=\"tt_navigation_cell timetable_clearfix\"><ul class=\"timetable_clearfix tt_tabs_navigation events_filter\" style=\"display: none;\"><\/ul><\/div><\/div><div id=\"yoga-dynamique\" class=\"tt-ui-tabs-hide \">Aucun plannings disponible !<\/div><\/div><div class='tt_error_message tt_hide'>Aucun plannings disponible !<\/div><div class='tt_booking_overlay tt_hide'>\n\t<\/div>\n\t<div class='tt_booking tt_hide'>\n\t\t<div class='tt_booking_message_wrapper'>\n\t\t\t<div class='tt_booking_message' data-event-hour-id>\n\t\t\t<\/div>\n\t\t\t<div class='tt_preloader tt_hide'>\n\t\t\t\t<div class='bounce1'><\/div>\n\t\t\t\t<div class='bounce2'><\/div>\n\t\t\t\t<div class='bounce3'><\/div>\n\t\t\t<\/div>\n\t\t<\/div>\n\t<\/div><input type=\"hidden\" class=\"timetable_atts\" name=\"timetable_atts\" value=\"{&quot;event&quot;:&quot;yoga-dynamique&quot;,&quot;event_category&quot;:&quot;gymnase-du-gavot&quot;,&quot;events_page&quot;:&quot;&quot;,&quot;filter_style&quot;:&quot;dropdown_list&quot;,&quot;filter_kind&quot;:&quot;event&quot;,&quot;measure&quot;:&quot;1&quot;,&quot;show_booking_button&quot;:&quot;no&quot;,&quot;show_available_slots&quot;:&quot;no&quot;,&quot;available_slots_singular_label&quot;:&quot;{number_available}\\\/{number_total} slot available&quot;,&quot;available_slots_plural_label&quot;:&quot;{number_available}\\\/{number_total} slots available&quot;,&quot;allow_user_booking&quot;:&quot;yes&quot;,&quot;allow_guest_booking&quot;:&quot;no&quot;,&quot;default_booking_view&quot;:&quot;user&quot;,&quot;show_guest_name_field&quot;:&quot;yes&quot;,&quot;guest_name_field_required&quot;:&quot;yes&quot;,&quot;show_guest_phone_field&quot;:&quot;no&quot;,&quot;guest_phone_field_required&quot;:&quot;no&quot;,&quot;show_guest_message_field&quot;:&quot;no&quot;,&quot;guest_message_field_required&quot;:&quot;no&quot;,&quot;booking_label&quot;:&quot;Book now&quot;,&quot;booked_label&quot;:&quot;Booked&quot;,&quot;unavailable_label&quot;:&quot;Unavailable&quot;,&quot;booking_popup_label&quot;:&quot;Book now&quot;,&quot;login_popup_label&quot;:&quot;Log in&quot;,&quot;cancel_popup_label&quot;:&quot;Cancel&quot;,&quot;continue_popup_label&quot;:&quot;Continue&quot;,&quot;terms_checkbox&quot;:&quot;no&quot;,&quot;terms_message&quot;:&quot;Please accept terms and conditions&quot;,&quot;booking_popup_message&quot;:&quot;&lt;h2&gt;You are about to book event&lt;\\\/h2&gt;\\n&lt;div class='event_details_wrapper'&gt;\\n&lt;p class='event_details bold'&gt;{event_title}&lt;\\\/p&gt;\\n&lt;p class='event_details'&gt;{column_title}&lt;\\\/p&gt;\\n&lt;p class='event_details'&gt;{event_start} - {event_end}&lt;\\\/p&gt;\\n&lt;\\\/div&gt;\\n{booking_form}\\n&lt;p&gt;An initial receipt will be sent out automatically unless you decide not to do so below.&lt;\\\/p&gt;\\n&lt;div class='tt_btn_wrapper'&gt;{tt_btn_book}{tt_btn_cancel}&lt;\\\/div&gt;&quot;,&quot;booking_popup_thank_you_message&quot;:&quot;&lt;h2&gt;Thank you for choosing our services!&lt;\\\/h2&gt;\\n&lt;div class='event_details_wrapper'&gt;\\n&lt;p class='event_details bold'&gt;{event_title}&lt;\\\/p&gt;\\n&lt;p class='event_details'&gt;{column_title}&lt;\\\/p&gt;\\n&lt;p class='event_details'&gt;{event_start} - {event_end}&lt;\\\/p&gt;\\n&lt;\\\/div&gt;\\n&lt;p class='info'&gt;This is a confirmation of your booking. Your booking is now complete and a confirmation email has been sent to you.&lt;\\\/p&gt;\\n&lt;div class='tt_btn_wrapper'&gt;{tt_btn_continue}&lt;\\\/div&gt;&quot;,&quot;filter_label&quot;:&quot;Tout&quot;,&quot;filter_label_2&quot;:&quot;All Events Categories&quot;,&quot;hour_category&quot;:&quot;&quot;,&quot;columns&quot;:&quot;lundi,mardi,mercredi,jeudi,vendredi&quot;,&quot;time_format&quot;:&quot;H.i&quot;,&quot;hide_hours_column&quot;:&quot;0&quot;,&quot;hide_all_events_view&quot;:&quot;1&quot;,&quot;show_end_hour&quot;:&quot;1&quot;,&quot;event_layout&quot;:&quot;3&quot;,&quot;box_bg_color&quot;:&quot;#00a27c&quot;,&quot;box_hover_bg_color&quot;:&quot;#1f736a&quot;,&quot;box_txt_color&quot;:&quot;#ffffff&quot;,&quot;box_hover_txt_color&quot;:&quot;#ffffff&quot;,&quot;box_hours_txt_color&quot;:&quot;#ffffff&quot;,&quot;box_hours_hover_txt_color&quot;:&quot;#ffffff&quot;,&quot;filter_color&quot;:&quot;#00a27c&quot;,&quot;row1_color&quot;:&quot;#f0f0f0&quot;,&quot;row2_color&quot;:&quot;&quot;,&quot;generate_pdf_text_color&quot;:&quot;FFFFFF&quot;,&quot;generate_pdf_bg_color&quot;:&quot;00A27C&quot;,&quot;generate_pdf_hover_text_color&quot;:&quot;FFFFFF&quot;,&quot;generate_pdf_hover_bg_color&quot;:&quot;1F736A&quot;,&quot;booking_text_color&quot;:&quot;FFFFFF&quot;,&quot;booking_bg_color&quot;:&quot;05BB90&quot;,&quot;booking_hover_text_color&quot;:&quot;FFFFFF&quot;,&quot;booking_hover_bg_color&quot;:&quot;07B38A&quot;,&quot;booked_text_color&quot;:&quot;AAAAAA&quot;,&quot;booked_bg_color&quot;:&quot;EEEEEE&quot;,&quot;unavailable_text_color&quot;:&quot;AAAAAA&quot;,&quot;unavailable_bg_color&quot;:&quot;EEEEEE&quot;,&quot;available_slots_color&quot;:&quot;FFD544&quot;,&quot;hide_empty&quot;:&quot;0&quot;,&quot;disable_event_url&quot;:&quot;0&quot;,&quot;text_align&quot;:&quot;center&quot;,&quot;row_height&quot;:&quot;31&quot;,&quot;id&quot;:&quot;&quot;,&quot;shortcode_id&quot;:&quot;&quot;,&quot;desktop_list_view&quot;:&quot;0&quot;,&quot;responsive&quot;:&quot;1&quot;,&quot;event_description_responsive&quot;:&quot;none&quot;,&quot;collapse_event_hours_responsive&quot;:&quot;0&quot;,&quot;colors_responsive_mode&quot;:&quot;0&quot;,&quot;export_to_pdf_button&quot;:&quot;0&quot;,&quot;generate_pdf_label&quot;:&quot;Generate PDF&quot;,&quot;pdf_font&quot;:&quot;lato&quot;,&quot;direction&quot;:&quot;ltr&quot;,&quot;font_custom&quot;:&quot;&quot;,&quot;font&quot;:&quot;&quot;,&quot;font_subset&quot;:&quot;&quot;,&quot;font_size&quot;:&quot;&quot;,&quot;custom_css&quot;:&quot;.tt_timetable .hours {font-weight:400;font-size:24px;} .events_filter {display:none;}&quot;}\" \/><\/div>[\/vc_column][\/vc_row]<\/p>\n<\/section>","protected":false},"excerpt":{"rendered":"<p>[vc_row content_placement=\u00a0\u00bbmiddle\u00a0\u00bb][vc_column][vc_column_text][\/vc_column_text][\/vc_column][vc_column width=\u00a0\u00bb1\/2&Prime;][vc_single_image image=\u00a0\u00bb1012&Prime; img_size=\u00a0\u00bbmedium\u00a0\u00bb alignment=\u00a0\u00bbcenter\u00a0\u00bb css_animation=\u00a0\u00bbappear\u00a0\u00bb][\/vc_column][vc_column width=\u00a0\u00bb1\/2&Prime;][vc_cta h2=\u00a0\u00bbEntretien physique g\u00e9n\u00e9ral.\u00a0\u00bb h4_font_container=\u00a0\u00bbcolor:%23a0c62d\u00a0\u00bb h4_google_fonts=\u00a0\u00bbfont_family:Coda%3Aregular%2C800|font_style:400%20regular%3A400%3Anormal\u00a0\u00bb txt_align=\u00a0\u00bbcenter\u00a0\u00bb style=\u00a0\u00bboutline\u00a0\u00bb el_width=\u00a0\u00bbxl\u00a0\u00bb css_animation=\u00a0\u00bbappear\u00a0\u00bb css=\u00a0\u00bb.vc_custom_1567015368371{background-position: center !important;background-repeat: no-repeat !important;background-size: contain !important;}\u00a0\u00bb use_custom_fonts_h4=\u00a0\u00bbtrue\u00a0\u00bb][\/vc_cta][vc_cta h2=\u00a0\u00bbProfessionnelle \u00a0\u00bb h4_font_container=\u00a0\u00bbcolor:%23a0c62d\u00a0\u00bb h4_google_fonts=\u00a0\u00bbfont_family:Coda%3Aregular%2C800|font_style:400%20regular%3A400%3Anormal\u00a0\u00bb txt_align=\u00a0\u00bbcenter\u00a0\u00bb style=\u00a0\u00bboutline\u00a0\u00bb el_width=\u00a0\u00bbxl\u00a0\u00bb css_animation=\u00a0\u00bbappear\u00a0\u00bb css=\u00a0\u00bb.vc_custom_1567515781180{background-position: center !important;background-repeat: no-repeat !important;background-size: contain !important;}\u00a0\u00bb use_custom_fonts_h4=\u00a0\u00bbtrue\u00a0\u00bb]Dipl\u00f4m\u00e9e Leaderfit Christine VERBRUGGHE vous guidera dans vos s\u00e9ance[\/vc_cta][\/vc_column][\/vc_row][vc_row content_placement=\u00a0\u00bbtop\u00a0\u00bb][vc_column width=\u00a0\u00bb1\/2&Prime;][vc_custom_heading text=\u00a0\u00bbLe Yoga Dynamique\u00a0\u00bb font_container=\u00a0\u00bbtag:h3|text_align:left\u00a0\u00bb [&hellip;]<\/p>\n","protected":false},"author":2,"featured_media":0,"parent":0,"menu_order":0,"comment_status":"closed","ping_status":"closed","template":"","meta":[],"_links":{"self":[{"href":"https:\/\/www.jamesandco.org\/sport-sante\/wp-json\/wp\/v2\/pages\/929"}],"collection":[{"href":"https:\/\/www.jamesandco.org\/sport-sante\/wp-json\/wp\/v2\/pages"}],"about":[{"href":"https:\/\/www.jamesandco.org\/sport-sante\/wp-json\/wp\/v2\/types\/page"}],"author":[{"embeddable":true,"href":"https:\/\/www.jamesandco.org\/sport-sante\/wp-json\/wp\/v2\/users\/2"}],"replies":[{"embeddable":true,"href":"https:\/\/www.jamesandco.org\/sport-sante\/wp-json\/wp\/v2\/comments?post=929"}],"version-history":[{"count":18,"href":"https:\/\/www.jamesandco.org\/sport-sante\/wp-json\/wp\/v2\/pages\/929\/revisions"}],"predecessor-version":[{"id":1051,"href":"https:\/\/www.jamesandco.org\/sport-sante\/wp-json\/wp\/v2\/pages\/929\/revisions\/1051"}],"wp:attachment":[{"href":"https:\/\/www.jamesandco.org\/sport-sante\/wp-json\/wp\/v2\/media?parent=929"}],"curies":[{"name":"wp","href":"https:\/\/api.w.org\/{rel}","templated":true}]}}