{"id":55,"date":"2016-10-18T10:14:59","date_gmt":"2016-10-18T08:14:59","guid":{"rendered":"http:\/\/www.jamesandco.org\/sport-sante\/?page_id=55"},"modified":"2024-04-18T08:56:54","modified_gmt":"2024-04-18T06:56:54","slug":"accueil","status":"publish","type":"page","link":"https:\/\/www.jamesandco.org\/sport-sante\/","title":{"rendered":"Accueil"},"content":{"rendered":"<section class=\"wpb-content-wrapper\"><p>[vc_row content_placement=\u00a0\u00bbmiddle\u00a0\u00bb][vc_column][layerslider_vc id=\u00a0\u00bb8&Prime;][\/vc_column][\/vc_row][vc_row parallax=\u00a0\u00bbcontent-moving-fade\u00a0\u00bb parallax_image=\u00a0\u00bb467&Prime;][vc_column width=\u00a0\u00bb1\/3&Prime;][vc_cta h2=\u00a0\u00bbQui sommes Nous ?\u00a0\u00bb txt_align=\u00a0\u00bbcenter\u00a0\u00bb style=\u00a0\u00bbflat\u00a0\u00bb color=\u00a0\u00bbgreen\u00a0\u00bb el_width=\u00a0\u00bblg\u00a0\u00bb add_button=\u00a0\u00bbbottom\u00a0\u00bb btn_title=\u00a0\u00bbEn savoir plus\u00a0\u00bb btn_align=\u00a0\u00bbcenter\u00a0\u00bb btn_i_icon_fontawesome=\u00a0\u00bbfa fa-check\u00a0\u00bb css_animation=\u00a0\u00bbappear\u00a0\u00bb btn_button_block=\u00a0\u00bbtrue\u00a0\u00bb btn_add_icon=\u00a0\u00bbtrue\u00a0\u00bb btn_custom_onclick=\u00a0\u00bbtrue\u00a0\u00bb btn_link=\u00a0\u00bburl:https%3A%2F%2Fwww.jamesandco.org%2Fsport-sante%2Fqui-sommes-nous%2F|||\u00a0\u00bb]Association de <strong>professionnels de la sant\u00e9 et de l\u2019activit\u00e9 physique adapt\u00e9e<\/strong>.<br \/>\n<strong>Pratiquer une activit\u00e9 physique pour son bien-\u00eatre<\/strong>, quelque soit sa pathologie ou son handicap.<br \/>\n<strong>Rendre accessible le sport sant\u00e9 et pratiquer durablement<\/strong>.[\/vc_cta][\/vc_column][vc_column width=\u00a0\u00bb1\/3&Prime;][vc_cta h2=\u00a0\u00bbFaites un don.\u00a0\u00bb txt_align=\u00a0\u00bbcenter\u00a0\u00bb style=\u00a0\u00bbflat\u00a0\u00bb color=\u00a0\u00bbgreen\u00a0\u00bb el_width=\u00a0\u00bblg\u00a0\u00bb add_button=\u00a0\u00bbbottom\u00a0\u00bb btn_title=\u00a0\u00bbSoutenez nos actions\u00a0\u00bb btn_align=\u00a0\u00bbcenter\u00a0\u00bb btn_i_icon_fontawesome=\u00a0\u00bbfa fa-check\u00a0\u00bb css_animation=\u00a0\u00bbappear\u00a0\u00bb btn_button_block=\u00a0\u00bbtrue\u00a0\u00bb btn_add_icon=\u00a0\u00bbtrue\u00a0\u00bb btn_custom_onclick=\u00a0\u00bbtrue\u00a0\u00bb btn_link=\u00a0\u00bburl:https%3A%2F%2Fwww.helloasso.com%2Fassociations%2Fjames-sport-sante%2Fformulaires%2F1%2Fwidget||target:%20_blank|\u00a0\u00bb]Faire un don pour financer des s\u00e9ances de Handinatation et des prises en charges individuelles en activit\u00e9s physiques adapt\u00e9es c\u2019est simple.[\/vc_cta][\/vc_column][vc_column width=\u00a0\u00bb1\/3&Prime;][vc_cta h2=\u00a0\u00bbLes Professionnels\u00a0\u00bb txt_align=\u00a0\u00bbcenter\u00a0\u00bb style=\u00a0\u00bbflat\u00a0\u00bb color=\u00a0\u00bbgreen\u00a0\u00bb el_width=\u00a0\u00bblg\u00a0\u00bb add_button=\u00a0\u00bbbottom\u00a0\u00bb btn_title=\u00a0\u00bbEn savoir plus\u00a0\u00bb btn_align=\u00a0\u00bbcenter\u00a0\u00bb btn_i_icon_fontawesome=\u00a0\u00bbfa fa-check\u00a0\u00bb css_animation=\u00a0\u00bbappear\u00a0\u00bb btn_button_block=\u00a0\u00bbtrue\u00a0\u00bb btn_add_icon=\u00a0\u00bbtrue\u00a0\u00bb btn_custom_onclick=\u00a0\u00bbtrue\u00a0\u00bb btn_link=\u00a0\u00bburl:https%3A%2F%2Fwww.jamesandco.org%2Fsport-sante%2Flesprofessionnels%2F|||\u00a0\u00bb]<strong>C\u00e9dric GRENARD<\/strong><br \/>\n<strong>Jean-Fran\u00e7ois SIMON<\/strong><br \/>\n<strong>Mathias LE GOAZIOU<\/strong><br \/>\n<b>Aur\u00e9lie MICHEL<\/b>[\/vc_cta][\/vc_column][\/vc_row]<\/p>\n<\/section>","protected":false},"excerpt":{"rendered":"<p>[vc_row content_placement=\u00a0\u00bbmiddle\u00a0\u00bb][vc_column][layerslider_vc id=\u00a0\u00bb8&Prime;][\/vc_column][\/vc_row][vc_row parallax=\u00a0\u00bbcontent-moving-fade\u00a0\u00bb parallax_image=\u00a0\u00bb467&Prime;][vc_column width=\u00a0\u00bb1\/3&Prime;][vc_cta h2=\u00a0\u00bbQui sommes Nous ?\u00a0\u00bb txt_align=\u00a0\u00bbcenter\u00a0\u00bb style=\u00a0\u00bbflat\u00a0\u00bb color=\u00a0\u00bbgreen\u00a0\u00bb el_width=\u00a0\u00bblg\u00a0\u00bb add_button=\u00a0\u00bbbottom\u00a0\u00bb btn_title=\u00a0\u00bbEn savoir plus\u00a0\u00bb btn_align=\u00a0\u00bbcenter\u00a0\u00bb btn_i_icon_fontawesome=\u00a0\u00bbfa fa-check\u00a0\u00bb css_animation=\u00a0\u00bbappear\u00a0\u00bb btn_button_block=\u00a0\u00bbtrue\u00a0\u00bb btn_add_icon=\u00a0\u00bbtrue\u00a0\u00bb btn_custom_onclick=\u00a0\u00bbtrue\u00a0\u00bb btn_link=\u00a0\u00bburl:https%3A%2F%2Fwww.jamesandco.org%2Fsport-sante%2Fqui-sommes-nous%2F|||\u00a0\u00bb]Association de professionnels de la sant\u00e9 et de l\u2019activit\u00e9 physique adapt\u00e9e. Pratiquer une activit\u00e9 physique pour son bien-\u00eatre, quelque soit sa pathologie ou son handicap. Rendre accessible le sport sant\u00e9 [&hellip;]<\/p>\n","protected":false},"author":2,"featured_media":0,"parent":0,"menu_order":0,"comment_status":"closed","ping_status":"closed","template":"tpl-home.php","meta":[],"_links":{"self":[{"href":"https:\/\/www.jamesandco.org\/sport-sante\/wp-json\/wp\/v2\/pages\/55"}],"collection":[{"href":"https:\/\/www.jamesandco.org\/sport-sante\/wp-json\/wp\/v2\/pages"}],"about":[{"href":"https:\/\/www.jamesandco.org\/sport-sante\/wp-json\/wp\/v2\/types\/page"}],"author":[{"embeddable":true,"href":"https:\/\/www.jamesandco.org\/sport-sante\/wp-json\/wp\/v2\/users\/2"}],"replies":[{"embeddable":true,"href":"https:\/\/www.jamesandco.org\/sport-sante\/wp-json\/wp\/v2\/comments?post=55"}],"version-history":[{"count":37,"href":"https:\/\/www.jamesandco.org\/sport-sante\/wp-json\/wp\/v2\/pages\/55\/revisions"}],"predecessor-version":[{"id":1205,"href":"https:\/\/www.jamesandco.org\/sport-sante\/wp-json\/wp\/v2\/pages\/55\/revisions\/1205"}],"wp:attachment":[{"href":"https:\/\/www.jamesandco.org\/sport-sante\/wp-json\/wp\/v2\/media?parent=55"}],"curies":[{"name":"wp","href":"https:\/\/api.w.org\/{rel}","templated":true}]}}