{"id":399,"date":"2016-10-27T11:23:55","date_gmt":"2016-10-27T09:23:55","guid":{"rendered":"http:\/\/www.jamesandco.org\/sport-sante\/?page_id=399"},"modified":"2016-12-07T09:42:07","modified_gmt":"2016-12-07T08:42:07","slug":"inscriptions-annuelles","status":"publish","type":"page","link":"https:\/\/www.jamesandco.org\/sport-sante\/inscriptions-annuelles\/","title":{"rendered":"Inscriptions Annuelles"},"content":{"rendered":"<section class=\"wpb-content-wrapper\"><p>[vc_row content_placement=\u00a0\u00bbtop\u00a0\u00bb][vc_column][vc_column_text]<div class='fullwidth-section  ' >\t<div class=\"container\"><h3 class='border-title aligncenter'><span>Inscrivez vous \u00e0 une de nos activit\u00e9s<\/span><\/h3>\t<\/div><\/div>[\/vc_column_text][\/vc_column][\/vc_row][vc_row content_placement=\u00a0\u00bbmiddle\u00a0\u00bb][vc_column]<div role=\"form\" class=\"wpcf7\" id=\"wpcf7-f401-o1\" lang=\"fr-FR\" dir=\"ltr\">\n<div class=\"screen-reader-response\"><p role=\"status\" aria-live=\"polite\" aria-atomic=\"true\"><\/p> <ul><\/ul><\/div>\n<form action=\"\/sport-sante\/wp-json\/wp\/v2\/pages\/399#wpcf7-f401-o1\" method=\"post\" class=\"wpcf7-form init\" novalidate=\"novalidate\" data-status=\"init\">\n<div style=\"display: none;\">\n<input type=\"hidden\" name=\"_wpcf7\" value=\"401\" \/>\n<input type=\"hidden\" name=\"_wpcf7_version\" value=\"5.6\" \/>\n<input type=\"hidden\" name=\"_wpcf7_locale\" value=\"fr_FR\" \/>\n<input type=\"hidden\" name=\"_wpcf7_unit_tag\" value=\"wpcf7-f401-o1\" \/>\n<input type=\"hidden\" name=\"_wpcf7_container_post\" value=\"0\" \/>\n<input type=\"hidden\" name=\"_wpcf7_posted_data_hash\" value=\"\" \/>\n<\/div>\n<p><span class=\"wpcf7-form-control-wrap\" data-name=\"activite\"><select name=\"activite\" class=\"wpcf7-form-control wpcf7-select wpcf7-validates-as-required\" aria-required=\"true\" aria-invalid=\"false\"><option value=\"Choisissez votre activit\u00e9\">Choisissez votre activit\u00e9<\/option><option value=\"Yoga dynamique - 270 \u20ac\/An\">Yoga dynamique - 270 \u20ac\/An<\/option><option value=\"Marche active - 270 \u20ac\/An\">Marche active - 270 \u20ac\/An<\/option><option value=\"James - 270 \u20ac\/An\">James - 270 \u20ac\/An<\/option><option value=\"Pilates - 270 \u20ac\/An\">Pilates - 270 \u20ac\/An<\/option><option value=\"Gym Aquatique - 290 \u20ac\/An\">Gym Aquatique - 290 \u20ac\/An<\/option><option value=\"Gym Douce - 170 \u20ac\/An\">Gym Douce - 170 \u20ac\/An<\/option><option value=\"Gym Adapt\u00e9e - 270 \u20ac\/An\">Gym Adapt\u00e9e - 270 \u20ac\/An<\/option><option value=\"James Enfants - 170 \u20ac\/An\">James Enfants - 170 \u20ac\/An<\/option><option value=\"James ado - 170 \u20ac\/An\">James ado - 170 \u20ac\/An<\/option><\/select><\/span><\/p>\n<div class=\"dt-sc-one-half column first\">\n<span class=\"wpcf7-form-control-wrap\" data-name=\"civilite\"><select name=\"civilite\" class=\"wpcf7-form-control wpcf7-select wpcf7-validates-as-required\" aria-required=\"true\" aria-invalid=\"false\"><option value=\"Civilit\u00e9\">Civilit\u00e9<\/option><option value=\"M.\">M.<\/option><option value=\"Mme.\">Mme.<\/option><option value=\"Melle.\">Melle.<\/option><\/select><\/span><br \/>\n<span class=\"wpcf7-form-control-wrap\" data-name=\"name-1234\"><input type=\"text\" name=\"name-1234\" value=\"\" size=\"40\" class=\"wpcf7-form-control wpcf7-text wpcf7-validates-as-required\" aria-required=\"true\" aria-invalid=\"false\" placeholder=\"Nom, Pr\u00e9nom...\" \/><\/span><br \/>\n<span class=\"wpcf7-form-control-wrap\" data-name=\"adresse\"><input type=\"text\" name=\"adresse\" value=\"\" size=\"40\" class=\"wpcf7-form-control wpcf7-text wpcf7-validates-as-required\" aria-required=\"true\" aria-invalid=\"false\" placeholder=\"Votre adresse...\" \/><\/span><\/p>\n<div class=\"dt-sc-one-half column first\">\n<span class=\"wpcf7-form-control-wrap\" data-name=\"code-postal\"><input type=\"text\" name=\"code-postal\" value=\"\" size=\"40\" class=\"wpcf7-form-control wpcf7-text wpcf7-validates-as-required\" aria-required=\"true\" aria-invalid=\"false\" placeholder=\"Code Postal...\" \/><\/span>\n<\/div>\n<div class=\"dt-sc-one-half column\">\n<span class=\"wpcf7-form-control-wrap\" data-name=\"ville\"><input type=\"text\" name=\"ville\" value=\"\" size=\"40\" class=\"wpcf7-form-control wpcf7-text wpcf7-validates-as-required\" aria-required=\"true\" aria-invalid=\"false\" placeholder=\"Ville...\" \/><\/span>\n<\/div>\n<div class=\"dt-sc-one-half column first\">\n<span class=\"wpcf7-form-control-wrap\" data-name=\"date-naissance\"><input type=\"text\" name=\"date-naissance\" value=\"\" size=\"40\" class=\"wpcf7-form-control wpcf7-text wpcf7-validates-as-required\" aria-required=\"true\" aria-invalid=\"false\" placeholder=\"N\u00e9(e) le (format 00\/00\/0000)\" \/><\/span>\n<\/div>\n<div class=\"dt-sc-one-half column\">\nAvez vous d\u00e9j\u00e0 pratiqu\u00e9? <span class=\"wpcf7-form-control-wrap\" data-name=\"deja-pratique\"><span class=\"wpcf7-form-control wpcf7-radio\"><span class=\"wpcf7-list-item first\"><input type=\"radio\" name=\"deja-pratique\" value=\"Oui\" checked=\"checked\" \/><span class=\"wpcf7-list-item-label\">Oui<\/span><\/span><span class=\"wpcf7-list-item last\"><input type=\"radio\" name=\"deja-pratique\" value=\"Non\" \/><span class=\"wpcf7-list-item-label\">Non<\/span><\/span><\/span><\/span>\n<\/div>\n<div class=\"clear\"><\/div>\n<\/div>\n<div class=\"dt-sc-one-half column\">\n<div class=\"dt-sc-one-half column first\">\n<span class=\"wpcf7-form-control-wrap\" data-name=\"email\"><input type=\"email\" name=\"email\" value=\"\" size=\"40\" class=\"wpcf7-form-control wpcf7-text wpcf7-email wpcf7-validates-as-required wpcf7-validates-as-email\" aria-required=\"true\" aria-invalid=\"false\" placeholder=\"Votre email...\" \/><\/span>\n<\/div>\n<div class=\"dt-sc-one-half column\">\n<span class=\"wpcf7-form-control-wrap\" data-name=\"telephone\"><input type=\"tel\" name=\"telephone\" value=\"\" size=\"40\" class=\"wpcf7-form-control wpcf7-text wpcf7-tel wpcf7-validates-as-tel\" aria-invalid=\"false\" placeholder=\"Votre t\u00e9l\u00e9phone...\" \/><\/span>\n<\/div>\n<div class=\"clear\"><\/div>\n<p>Si vous inscrivez une autre personne, remplir les champs suppl\u00e9mentaires :<\/p>\n<div class=\"dt-sc-one-half column first\">\n<span class=\"wpcf7-form-control-wrap\" data-name=\"guest\"><input type=\"text\" name=\"guest\" value=\"\" size=\"40\" class=\"wpcf7-form-control wpcf7-text\" aria-invalid=\"false\" placeholder=\"Nom, Pr\u00e9nom...\" \/><\/span>\n<\/div>\n<div class=\"dt-sc-one-half column\">\n<span class=\"wpcf7-form-control-wrap\" data-name=\"age-guest\"><input type=\"text\" name=\"age-guest\" value=\"\" size=\"40\" class=\"wpcf7-form-control wpcf7-text\" aria-invalid=\"false\" placeholder=\"Age de la personne\" \/><\/span>\n<\/div>\n<div class=\"clear\"><\/div>\n<\/div>\n<div class=\"dt-sc-clear\"><\/div>\n<p><span class=\"wpcf7-form-control-wrap\" data-name=\"message\"><textarea name=\"message\" cols=\"25\" rows=\"4\" class=\"wpcf7-form-control wpcf7-textarea wpcf7-validates-as-required\" aria-required=\"true\" aria-invalid=\"false\" placeholder=\"Ajouter des pr\u00e9cisions...\"><\/textarea><\/span><br \/>\n<input type=\"submit\" value=\"Envoyer votre demande\" class=\"wpcf7-form-control has-spinner wpcf7-submit\" \/><\/p>\n<div class=\"wpcf7-response-output\" aria-hidden=\"true\"><\/div><\/form><\/div>[\/vc_column][\/vc_row]<\/p>\n<\/section>","protected":false},"excerpt":{"rendered":"<p>[vc_row content_placement=\u00a0\u00bbtop\u00a0\u00bb][vc_column][vc_column_text][\/vc_column_text][\/vc_column][\/vc_row][vc_row content_placement=\u00a0\u00bbmiddle\u00a0\u00bb][vc_column][\/vc_column][\/vc_row]<\/p>\n","protected":false},"author":2,"featured_media":0,"parent":0,"menu_order":0,"comment_status":"closed","ping_status":"closed","template":"","meta":[],"_links":{"self":[{"href":"https:\/\/www.jamesandco.org\/sport-sante\/wp-json\/wp\/v2\/pages\/399"}],"collection":[{"href":"https:\/\/www.jamesandco.org\/sport-sante\/wp-json\/wp\/v2\/pages"}],"about":[{"href":"https:\/\/www.jamesandco.org\/sport-sante\/wp-json\/wp\/v2\/types\/page"}],"author":[{"embeddable":true,"href":"https:\/\/www.jamesandco.org\/sport-sante\/wp-json\/wp\/v2\/users\/2"}],"replies":[{"embeddable":true,"href":"https:\/\/www.jamesandco.org\/sport-sante\/wp-json\/wp\/v2\/comments?post=399"}],"version-history":[{"count":5,"href":"https:\/\/www.jamesandco.org\/sport-sante\/wp-json\/wp\/v2\/pages\/399\/revisions"}],"predecessor-version":[{"id":405,"href":"https:\/\/www.jamesandco.org\/sport-sante\/wp-json\/wp\/v2\/pages\/399\/revisions\/405"}],"wp:attachment":[{"href":"https:\/\/www.jamesandco.org\/sport-sante\/wp-json\/wp\/v2\/media?parent=399"}],"curies":[{"name":"wp","href":"https:\/\/api.w.org\/{rel}","templated":true}]}}