{"id":218,"date":"2016-10-24T13:53:15","date_gmt":"2016-10-24T11:53:15","guid":{"rendered":"http:\/\/www.jamesandco.org\/sport-sante\/?page_id=218"},"modified":"2019-08-27T16:51:35","modified_gmt":"2019-08-27T14:51:35","slug":"faire-un-don","status":"publish","type":"page","link":"https:\/\/www.jamesandco.org\/sport-sante\/faire-un-don\/","title":{"rendered":"FAIRE UN DON"},"content":{"rendered":"<section class=\"wpb-content-wrapper\"><p>[vc_row][vc_column][vc_custom_heading text=\u00a0\u00bbJames Sport Sant\u00e9 est une association reconnue d&rsquo;int\u00e9r\u00eat g\u00e9n\u00e9ral\u00a0\u00bb font_container=\u00a0\u00bbtag:h2|text_align:center|color:%2381d742&Prime; google_fonts=\u00a0\u00bbfont_family:Arimo%3Aregular%2Citalic%2C700%2C700italic|font_style:400%20regular%3A400%3Anormal\u00a0\u00bb][\/vc_column][\/vc_row][vc_row][vc_column width=\u00a0\u00bb1\/4&Prime;][vc_wp_text]<\/p>\n<h5><strong>Faire un don<\/strong> pour financer des s\u00e9ances de Handinatation et des prises en charges individuelles en activit\u00e9s physiques adapt\u00e9es c&rsquo;est simple :<\/h5>\n<h4><a href=\"https:\/\/www.helloasso.com\/associations\/james-sport-sante\/formulaires\/1\/widget\" target=\"_blank\" rel=\"noopener noreferrer\"><strong>Cliquez ici\u00a0<\/strong><\/a><\/h4>\n<p>&nbsp;<\/p>\n<p><iframe loading=\"lazy\" title=\"Handinatation JAMES SPORT SANT\u00c9\" width=\"1170\" height=\"658\" src=\"https:\/\/www.youtube.com\/embed\/AyQzXZqC8fI?feature=oembed&#038;wmode=opaque\" frameborder=\"0\" allow=\"accelerometer; autoplay; encrypted-media; gyroscope; picture-in-picture\" allowfullscreen><\/iframe><\/p>\n<p>Handinatation<br \/>\nPrise en charge individuelle au sein de JAMES SPORT SANT\u00c9<\/p>\n<h3><\/h3>\n<p>[\/vc_wp_text][\/vc_column][vc_column width=\u00a0\u00bb3\/4&Prime;][vc_column_text]<\/p>\n<h6>Cette ann\u00e9e, vous voulez faire un DON UTILE, TRANSPARENT, SIMPLE ET SUR.<br \/>\nC&rsquo;est possible avec la cagnotte en ligne pour les cours d&rsquo;handi-natation de James Sport Sant\u00e9 !<\/h6>\n<h6>En aidant financi\u00e8rement James Sport Sant\u00e9, vous permettez \u00e0 des enfants, d\u00e8s 4 ans, touch\u00e9s par le handicap de b\u00e9n\u00e9ficier de s\u00e9ances d\u2019handi-natation et de S&rsquo;EPANOUIR DANS L&rsquo;EAU comme tous les enfants. Pour ces enfants c\u2019est une mani\u00e8re de d\u00e9couvrir leur corps dans une approche r\u00e9cr\u00e9ative et ludique.<\/h6>\n<h6>Pour un enfant, une ann\u00e9e d\u2019handi-natation c&rsquo;est entre 30 et 50 s\u00e9ances<\/h6>\n<h6>donner 10 \u20ac c&rsquo;est co-financer 1 s\u00e9ance.<br \/>\ndonner 100 \u20ac c&rsquo;est 10 s\u00e9ances que vous leurs offrez.<\/h6>\n<h6>VOUS ETES ESSENTIELS pour continuer cette aventure, les parents seuls ne peuvent pas assurer une telle pris en charge.<br \/>\n\u00b7 votre don est UTILE : gr\u00e2ce \u00e0 vous, une vingtaine d\u2019enfants pourront b\u00e9n\u00e9ficier de ces cours d\u2019handi-natation.<br \/>\n\u00b7 votre don est TRANSPARENT : les cours d&rsquo;handi-natation apportent confort et autonomie aux personnes handicap\u00e9es. Vous pouvez constater les effets b\u00e9n\u00e9fiques de ces cours gr\u00e2ce \u00e0 la vid\u00e9o suivante : Handinatation JAMES SPORT SANT\u00c9<\/h6>\n<h6>\u00b7 votre don est SIMPLE : il se fait en ligne<br \/>\n\u00b7 votre don est SUR : les transactions effectu\u00e9es sur la plateforme Helloasso sont s\u00e9curis\u00e9es<\/h6>\n<h6>A noter \u00e9galement que votre don est DEFISCALISE :<br \/>\nIl b\u00e9n\u00e9ficie d\u2019une r\u00e9duction d\u2019imp\u00f4t sur le revenu ou d\u2019imp\u00f4t sur les soci\u00e9t\u00e9s de 66% du montant.<br \/>\nUne attestation vous sera envoy\u00e9e par mail.<\/h6>\n<h6>Pour faire un don c&rsquo;est ici :<\/h6>\n<p>[\/vc_column_text][\/vc_column][vc_column][vc_btn title=\u00a0\u00bbJe fais un don\u00a0\u00bb color=\u00a0\u00bbgreen\u00a0\u00bb align=\u00a0\u00bbcenter\u00a0\u00bb link=\u00a0\u00bburl:https%3A%2F%2Fwww.helloasso.com%2Fassociations%2Fjames-sport-sante%2Fformulaires%2F1%2Fwidget||target:%20_blank|\u00a0\u00bb][\/vc_column][\/vc_row]<\/p>\n<\/section>","protected":false},"excerpt":{"rendered":"<p>[vc_row][vc_column][vc_custom_heading text=\u00a0\u00bbJames Sport Sant\u00e9 est une association reconnue d&rsquo;int\u00e9r\u00eat g\u00e9n\u00e9ral\u00a0\u00bb font_container=\u00a0\u00bbtag:h2|text_align:center|color:%2381d742&Prime; google_fonts=\u00a0\u00bbfont_family:Arimo%3Aregular%2Citalic%2C700%2C700italic|font_style:400%20regular%3A400%3Anormal\u00a0\u00bb][\/vc_column][\/vc_row][vc_row][vc_column width=\u00a0\u00bb1\/4&Prime;][vc_wp_text] Faire un don pour financer des s\u00e9ances de Handinatation et des prises en charges individuelles en activit\u00e9s physiques adapt\u00e9es c&rsquo;est simple : Cliquez ici\u00a0 &nbsp; Handinatation Prise en charge individuelle au sein de JAMES SPORT SANT\u00c9 [\/vc_wp_text][\/vc_column][vc_column width=\u00a0\u00bb3\/4&Prime;][vc_column_text] Cette ann\u00e9e, vous voulez [&hellip;]<\/p>\n","protected":false},"author":2,"featured_media":0,"parent":0,"menu_order":0,"comment_status":"closed","ping_status":"closed","template":"","meta":[],"_links":{"self":[{"href":"https:\/\/www.jamesandco.org\/sport-sante\/wp-json\/wp\/v2\/pages\/218"}],"collection":[{"href":"https:\/\/www.jamesandco.org\/sport-sante\/wp-json\/wp\/v2\/pages"}],"about":[{"href":"https:\/\/www.jamesandco.org\/sport-sante\/wp-json\/wp\/v2\/types\/page"}],"author":[{"embeddable":true,"href":"https:\/\/www.jamesandco.org\/sport-sante\/wp-json\/wp\/v2\/users\/2"}],"replies":[{"embeddable":true,"href":"https:\/\/www.jamesandco.org\/sport-sante\/wp-json\/wp\/v2\/comments?post=218"}],"version-history":[{"count":12,"href":"https:\/\/www.jamesandco.org\/sport-sante\/wp-json\/wp\/v2\/pages\/218\/revisions"}],"predecessor-version":[{"id":975,"href":"https:\/\/www.jamesandco.org\/sport-sante\/wp-json\/wp\/v2\/pages\/218\/revisions\/975"}],"wp:attachment":[{"href":"https:\/\/www.jamesandco.org\/sport-sante\/wp-json\/wp\/v2\/media?parent=218"}],"curies":[{"name":"wp","href":"https:\/\/api.w.org\/{rel}","templated":true}]}}