{"id":190,"date":"2016-10-24T13:45:42","date_gmt":"2016-10-24T11:45:42","guid":{"rendered":"http:\/\/www.jamesandco.org\/sport-sante\/?page_id=190"},"modified":"2019-09-09T11:05:12","modified_gmt":"2019-09-09T09:05:12","slug":"gym-aquatique","status":"publish","type":"page","link":"https:\/\/www.jamesandco.org\/sport-sante\/gym-aquatique\/","title":{"rendered":"GYM AQUATIQUE"},"content":{"rendered":"<section class=\"wpb-content-wrapper\"><p>[vc_row][vc_column][vc_column_text]<div class='fullwidth-section  ' >\t<div class=\"container\"><h3 class='border-title aligncenter'><span>Gym Aquatique<\/span><\/h3>\t<\/div><\/div>[\/vc_column_text][\/vc_column][\/vc_row][vc_row content_placement=\u00a0\u00bbmiddle\u00a0\u00bb][vc_column width=\u00a0\u00bb1\/2&Prime;][vc_single_image image=\u00a0\u00bb473&Prime; img_size=\u00a0\u00bbmedium\u00a0\u00bb alignment=\u00a0\u00bbcenter\u00a0\u00bb style=\u00a0\u00bbvc_box_circle\u00a0\u00bb css_animation=\u00a0\u00bbappear\u00a0\u00bb][\/vc_column][vc_column width=\u00a0\u00bb1\/2&Prime;][vc_cta h2=\u00a0\u00bbS\u00e9ances adapt\u00e9es de gymnastique dans l\u2019eau\u00a0\u00bb h4=\u00a0\u00bbm\u00eame pour les personnes ne sachant pas nager\u00a0\u00bb h4_font_container=\u00a0\u00bbcolor:%23a0c62d\u00a0\u00bb h4_use_theme_fonts=\u00a0\u00bbyes\u00a0\u00bb txt_align=\u00a0\u00bbcenter\u00a0\u00bb style=\u00a0\u00bboutline\u00a0\u00bb el_width=\u00a0\u00bbxl\u00a0\u00bb css_animation=\u00a0\u00bbappear\u00a0\u00bb use_custom_fonts_h4=\u00a0\u00bbtrue\u00a0\u00bb css=\u00a0\u00bb.vc_custom_1477580830659{background-position: center !important;background-repeat: no-repeat !important;background-size: contain !important;}\u00a0\u00bb][\/vc_cta][\/vc_column][\/vc_row][vc_row][vc_column width=\u00a0\u00bb1\/2&Prime;][vc_custom_heading text=\u00a0\u00bbObjectif\u00a0\u00bb font_container=\u00a0\u00bbtag:h3|text_align:left\u00a0\u00bb google_fonts=\u00a0\u00bbfont_family:Montserrat%3Aregular%2C700|font_style:400%20regular%3A400%3Anormal\u00a0\u00bb][vc_column_text]L\u2019objectif des s\u00e9ances est de maintenir une bonne mobilit\u00e9 g\u00e9n\u00e9rale et la souplesse articulaire.[\/vc_column_text][\/vc_column][vc_column width=\u00a0\u00bb1\/2&Prime;][vc_custom_heading text=\u00a0\u00bb1h00 dans l&rsquo;eau pour travailler :\u00a0\u00bb font_container=\u00a0\u00bbtag:h3|text_align:left\u00a0\u00bb google_fonts=\u00a0\u00bbfont_family:Montserrat%3Aregular%2C700|font_style:400%20regular%3A400%3Anormal\u00a0\u00bb][vc_row_inner][vc_column_inner width=\u00a0\u00bb1\/2&Prime;][vc_column_text]<\/p>\n<p style=\"padding-left: 120px;\">Dans la<br \/>\nSes<br \/>\nLa<br \/>\nSon<br \/>\nEt sa<\/p>\n<p>[\/vc_column_text][\/vc_column_inner][vc_column_inner width=\u00a0\u00bb1\/2&Prime;][vc_column_text]<span style=\"color: green;\">J<\/span>oie<br \/>\n<span style=\"color: green;\">A<\/span>bdominaux<br \/>\n<span style=\"color: green;\">M<\/span>usculation<br \/>\n<span style=\"color: green;\">E<\/span>quilibre<br \/>\n<span style=\"color: green;\">S<\/span>ouplesse[\/vc_column_text][\/vc_column_inner][\/vc_row_inner][\/vc_column][\/vc_row][vc_row][vc_column][vc_column_text]<\/p>\n<p style=\"text-align: center;\"><div class='fullwidth-section  ' >\t<div class=\"container\"><h3 class='border-title aligncenter'><span>Tarifs\u00a0Gym Aquatique<\/span><\/h3>\t<\/div><\/div>\n<p>[\/vc_column_text][vc_column_text]<\/p>\n<p style=\"text-align: center;\">S\u00e9ance : 270\u20ac\/an (du 24 Septembre 2018 au 30 juin 2019)<br \/>\nAdh\u00e9sion : 20\u20ac\/an<\/p>\n<p>[\/vc_column_text][vc_column_text]<\/p>\n<p style=\"text-align: center;\"><a href='https:\/\/www.jamesandco.org\/sport-sante\/inscriptions-annuelles\/' target='_self'  class='dt-sc-button   medium    '><span  data-hover='S&rsquo;inscrire'>S&rsquo;inscrire<\/span><\/a>\n<p>[\/vc_column_text][\/vc_column][\/vc_row][vc_row][vc_column][vc_column_text]<div class='fullwidth-section  ' >\t<div class=\"container\"><h3 class='border-title aligncenter'><span>Les Horaires de cours\u00a0Gym Aquatique<\/span><\/h3>\t<\/div><\/div>[\/vc_column_text][\/vc_column][\/vc_row][vc_row][vc_column][vc_column_text][\/vc_column_text]<div  class='tt_wrapper  '><div class=\"tt_navigation_wrapper \">\n\t\t<div class=\"tt_navigation_cell timetable_clearfix\"><ul class=\"timetable_clearfix tabs_box_navigation events_filter tt_responsive sf-timetable-menu\">\n\t\t\t\t<li class=\"tabs_box_navigation_selected\" aria-haspopup=\"true\"><label>All Events<\/label><span class=\"tabs_box_navigation_icon\"><\/span><ul class=\"sub-menu\"><li><a href=\"#all-events\" title=\"All Events\">All Events<\/a><\/li><li><a href=\"#gym-aquatique\" title=\"GYM AQUATIQUE\">GYM AQUATIQUE<\/a><\/li><\/ul><\/li>\n\t\t\t<\/ul><\/div><\/div><div class=\"timetable_clearfix tt_tabs tt_responsive event_layout_3\"><div class=\"tt_navigation_wrapper tt_hide\">\n\t\t<div class=\"tt_navigation_cell timetable_clearfix\"><ul class=\"timetable_clearfix tt_tabs_navigation events_filter\" style=\"display: none;\"><li><a href=\"#all-events\" title=\"All Events\">All Events<\/a><\/li><li><a href=\"#gym-aquatique\" title=\"GYM AQUATIQUE\">GYM AQUATIQUE<\/a><\/li><\/ul><\/div><\/div><div id=\"all-events\"><table class=\"tt_timetable\">\n\t\t\t\t\t<thead>\n\t\t\t\t\t\t<tr class=\"row_gray\" style=\"background-color: #f0f0f0 !important;\"><th><\/th>\t<th>Lundi<\/th>\t<th>Mardi<\/th>\t<th>Mercredi<\/th>\t<th>Jeudi<\/th>\t<th>Vendredi<\/th>\t<\/tr>\n\t\t\t\t\t<\/thead>\n\t\t\t\t\t<tbody><tr class=\"row_1\"><td class=\"tt_hours_column\">\n\t\t\t\t\t\t09.00 - 09.30\n\t\t\t\t\t<\/td><td><\/td><td><\/td><td style=\"background: #0ed2f5;\" class=\"event tt_single_event\" rowspan=\"2\"><div class=\"event_container id-285\"><span class=\"event_header\" title=\"GYM AQUATIQUE\">GYM AQUATIQUE<\/span><div class='before_hour_text'>Cit\u00e9 de l'eau<\/div><div class=\"hours_container\"><span class=\"hours\">09.00 - 10.00<\/span><\/div><div class='after_hour_text'>Aur\u00e9lie Michel<\/div><\/div><\/td><td><\/td><td style=\"background: #0ed2f5;\" class=\"event tt_single_event\" rowspan=\"2\"><div class=\"event_container id-285\"><span class=\"event_header\" title=\"GYM AQUATIQUE\">GYM AQUATIQUE<\/span><div class='before_hour_text'>Cite de l'eau<\/div><div class=\"hours_container\"><span class=\"hours\">09.00 - 10.00<\/span><\/div><div class='after_hour_text'>Aur\u00e9lie Michel<\/div><\/div><\/td><\/tr><tr class=\"row_2 row_gray\"><td class=\"tt_hours_column\">\n\t\t\t\t\t\t09.30 - 10.00\n\t\t\t\t\t<\/td><td><\/td><td><\/td><td><\/td><\/tr><tr class=\"row_3\"><td class=\"tt_hours_column\">\n\t\t\t\t\t\t10.00 - 10.30\n\t\t\t\t\t<\/td><td><\/td><td><\/td><td><\/td><td><\/td><td style=\"background: #0ed2f5;\" class=\"event tt_single_event\" rowspan=\"2\"><div class=\"event_container id-285\"><span class=\"event_header\" title=\"GYM AQUATIQUE\">GYM AQUATIQUE<\/span><div class='before_hour_text'>Cit\u00e9 de L'eau<\/div><div class=\"hours_container\"><span class=\"hours\">10.00 - 11.00<\/span><\/div><div class='after_hour_text'>Aur\u00e9lie Michel<\/div><\/div><\/td><\/tr><tr class=\"row_4 row_gray\"><td class=\"tt_hours_column\">\n\t\t\t\t\t\t10.30 - 11.00\n\t\t\t\t\t<\/td><td><\/td><td><\/td><td><\/td><td><\/td><\/tr><\/tbody>\n\t\t\t\t<\/table><div class=\"tt_timetable small  \"><h3 class=\"box_header \">\n\t\t\t\t\tMercredi\n\t\t\t\t<\/h3>\n\t\t\t\t<ul class=\"tt_items_list thin page_margin_top timetable_clearfix\">\n\t\t\t\t\t\t\t<li  class=\"timetable_clearfix\">\n\t\t\t\t\t\t\t\t<div class=\"event_container\">\n\t\t\t\t\t\t\t\t\t<span title=\"GYM AQUATIQUE\" class=\"event_header\" >GYM AQUATIQUE <\/span><\/div><div class=\"value\" >\n\t\t\t\t\t\t\t\t\t09.00 - 10.00<\/div>\n\t\t\t\t\t\t\t<\/li><\/ul><h3 class=\"box_header  page_margin_top\">\n\t\t\t\t\tVendredi\n\t\t\t\t<\/h3>\n\t\t\t\t<ul class=\"tt_items_list thin page_margin_top timetable_clearfix\">\n\t\t\t\t\t\t\t<li  class=\"timetable_clearfix\">\n\t\t\t\t\t\t\t\t<div class=\"event_container\">\n\t\t\t\t\t\t\t\t\t<span title=\"GYM AQUATIQUE\" class=\"event_header\" >GYM AQUATIQUE <\/span><\/div><div class=\"value\" >\n\t\t\t\t\t\t\t\t\t09.00 - 10.00<\/div>\n\t\t\t\t\t\t\t<\/li>\n\t\t\t\t\t\t\t<li  class=\"timetable_clearfix\">\n\t\t\t\t\t\t\t\t<div class=\"event_container\">\n\t\t\t\t\t\t\t\t\t<span title=\"GYM AQUATIQUE\" class=\"event_header\" >GYM AQUATIQUE <\/span><\/div><div class=\"value\" >\n\t\t\t\t\t\t\t\t\t10.00 - 11.00<\/div>\n\t\t\t\t\t\t\t<\/li><\/ul><\/div><\/div><div id=\"gym-aquatique\" class=\"tt-ui-tabs-hide tt-event-category-cite-de-leau \"><table class=\"tt_timetable\">\n\t\t\t\t\t<thead>\n\t\t\t\t\t\t<tr class=\"row_gray\" style=\"background-color: #f0f0f0 !important;\"><th><\/th>\t<th>Lundi<\/th>\t<th>Mardi<\/th>\t<th>Mercredi<\/th>\t<th>Jeudi<\/th>\t<th>Vendredi<\/th>\t<\/tr>\n\t\t\t\t\t<\/thead>\n\t\t\t\t\t<tbody><tr class=\"row_1\"><td class=\"tt_hours_column\">\n\t\t\t\t\t\t09.00 - 09.30\n\t\t\t\t\t<\/td><td><\/td><td><\/td><td style=\"background: #0ed2f5;\" class=\"event tt_single_event\" rowspan=\"2\"><div class=\"event_container id-285\"><span class=\"event_header\" title=\"GYM AQUATIQUE\">GYM AQUATIQUE<\/span><div class='before_hour_text'>Cit\u00e9 de l'eau<\/div><div class=\"hours_container\"><span class=\"hours\">09.00 - 10.00<\/span><\/div><div class='after_hour_text'>Aur\u00e9lie Michel<\/div><\/div><\/td><td><\/td><td style=\"background: #0ed2f5;\" class=\"event tt_single_event\" rowspan=\"2\"><div class=\"event_container id-285\"><span class=\"event_header\" title=\"GYM AQUATIQUE\">GYM AQUATIQUE<\/span><div class='before_hour_text'>Cite de l'eau<\/div><div class=\"hours_container\"><span class=\"hours\">09.00 - 10.00<\/span><\/div><div class='after_hour_text'>Aur\u00e9lie Michel<\/div><\/div><\/td><\/tr><tr class=\"row_2 row_gray\"><td class=\"tt_hours_column\">\n\t\t\t\t\t\t09.30 - 10.00\n\t\t\t\t\t<\/td><td><\/td><td><\/td><td><\/td><\/tr><tr class=\"row_3\"><td class=\"tt_hours_column\">\n\t\t\t\t\t\t10.00 - 10.30\n\t\t\t\t\t<\/td><td><\/td><td><\/td><td><\/td><td><\/td><td style=\"background: #0ed2f5;\" class=\"event tt_single_event\" rowspan=\"2\"><div class=\"event_container id-285\"><span class=\"event_header\" title=\"GYM AQUATIQUE\">GYM AQUATIQUE<\/span><div class='before_hour_text'>Cit\u00e9 de L'eau<\/div><div class=\"hours_container\"><span class=\"hours\">10.00 - 11.00<\/span><\/div><div class='after_hour_text'>Aur\u00e9lie Michel<\/div><\/div><\/td><\/tr><tr class=\"row_4 row_gray\"><td class=\"tt_hours_column\">\n\t\t\t\t\t\t10.30 - 11.00\n\t\t\t\t\t<\/td><td><\/td><td><\/td><td><\/td><td><\/td><\/tr><\/tbody>\n\t\t\t\t<\/table><div class=\"tt_timetable small  \"><h3 class=\"box_header \">\n\t\t\t\t\tMercredi\n\t\t\t\t<\/h3>\n\t\t\t\t<ul class=\"tt_items_list thin page_margin_top timetable_clearfix\">\n\t\t\t\t\t\t\t<li  class=\"timetable_clearfix\">\n\t\t\t\t\t\t\t\t<div class=\"event_container\">\n\t\t\t\t\t\t\t\t\t<span title=\"GYM AQUATIQUE\" class=\"event_header\" >GYM AQUATIQUE <\/span><\/div><div class=\"value\" >\n\t\t\t\t\t\t\t\t\t09.00 - 10.00<\/div>\n\t\t\t\t\t\t\t<\/li><\/ul><h3 class=\"box_header  page_margin_top\">\n\t\t\t\t\tVendredi\n\t\t\t\t<\/h3>\n\t\t\t\t<ul class=\"tt_items_list thin page_margin_top timetable_clearfix\">\n\t\t\t\t\t\t\t<li  class=\"timetable_clearfix\">\n\t\t\t\t\t\t\t\t<div class=\"event_container\">\n\t\t\t\t\t\t\t\t\t<span title=\"GYM AQUATIQUE\" class=\"event_header\" >GYM AQUATIQUE <\/span><\/div><div class=\"value\" >\n\t\t\t\t\t\t\t\t\t09.00 - 10.00<\/div>\n\t\t\t\t\t\t\t<\/li>\n\t\t\t\t\t\t\t<li  class=\"timetable_clearfix\">\n\t\t\t\t\t\t\t\t<div class=\"event_container\">\n\t\t\t\t\t\t\t\t\t<span title=\"GYM AQUATIQUE\" class=\"event_header\" >GYM AQUATIQUE <\/span><\/div><div class=\"value\" >\n\t\t\t\t\t\t\t\t\t10.00 - 11.00<\/div>\n\t\t\t\t\t\t\t<\/li><\/ul><\/div><\/div><\/div><div class='tt_error_message tt_hide'>Aucun plannings disponible !<\/div><div class='tt_booking_overlay tt_hide'>\n\t<\/div>\n\t<div class='tt_booking tt_hide'>\n\t\t<div class='tt_booking_message_wrapper'>\n\t\t\t<div class='tt_booking_message' data-event-hour-id>\n\t\t\t<\/div>\n\t\t\t<div class='tt_preloader tt_hide'>\n\t\t\t\t<div class='bounce1'><\/div>\n\t\t\t\t<div class='bounce2'><\/div>\n\t\t\t\t<div class='bounce3'><\/div>\n\t\t\t<\/div>\n\t\t<\/div>\n\t<\/div><input type=\"hidden\" class=\"timetable_atts\" name=\"timetable_atts\" value=\"{&quot;event&quot;:&quot;gym-aquatique&quot;,&quot;event_category&quot;:&quot;cite-de-leau&quot;,&quot;events_page&quot;:&quot;&quot;,&quot;filter_style&quot;:&quot;dropdown_list&quot;,&quot;filter_kind&quot;:&quot;event&quot;,&quot;measure&quot;:&quot;0.5&quot;,&quot;show_booking_button&quot;:&quot;no&quot;,&quot;show_available_slots&quot;:&quot;no&quot;,&quot;available_slots_singular_label&quot;:&quot;{number_available}\\\/{number_total} slot available&quot;,&quot;available_slots_plural_label&quot;:&quot;{number_available}\\\/{number_total} slots available&quot;,&quot;allow_user_booking&quot;:&quot;yes&quot;,&quot;allow_guest_booking&quot;:&quot;no&quot;,&quot;default_booking_view&quot;:&quot;user&quot;,&quot;show_guest_name_field&quot;:&quot;yes&quot;,&quot;guest_name_field_required&quot;:&quot;yes&quot;,&quot;show_guest_phone_field&quot;:&quot;no&quot;,&quot;guest_phone_field_required&quot;:&quot;no&quot;,&quot;show_guest_message_field&quot;:&quot;no&quot;,&quot;guest_message_field_required&quot;:&quot;no&quot;,&quot;booking_label&quot;:&quot;Book now&quot;,&quot;booked_label&quot;:&quot;Booked&quot;,&quot;unavailable_label&quot;:&quot;Unavailable&quot;,&quot;booking_popup_label&quot;:&quot;Book now&quot;,&quot;login_popup_label&quot;:&quot;Log in&quot;,&quot;cancel_popup_label&quot;:&quot;Cancel&quot;,&quot;continue_popup_label&quot;:&quot;Continue&quot;,&quot;terms_checkbox&quot;:&quot;no&quot;,&quot;terms_message&quot;:&quot;Please accept terms and conditions&quot;,&quot;booking_popup_message&quot;:&quot;&lt;h2&gt;You are about to book event&lt;\\\/h2&gt;\\n&lt;div class='event_details_wrapper'&gt;\\n&lt;p class='event_details bold'&gt;{event_title}&lt;\\\/p&gt;\\n&lt;p class='event_details'&gt;{column_title}&lt;\\\/p&gt;\\n&lt;p class='event_details'&gt;{event_start} - {event_end}&lt;\\\/p&gt;\\n&lt;\\\/div&gt;\\n{booking_form}\\n&lt;p&gt;An initial receipt will be sent out automatically unless you decide not to do so below.&lt;\\\/p&gt;\\n&lt;div class='tt_btn_wrapper'&gt;{tt_btn_book}{tt_btn_cancel}&lt;\\\/div&gt;&quot;,&quot;booking_popup_thank_you_message&quot;:&quot;&lt;h2&gt;Thank you for choosing our services!&lt;\\\/h2&gt;\\n&lt;div class='event_details_wrapper'&gt;\\n&lt;p class='event_details bold'&gt;{event_title}&lt;\\\/p&gt;\\n&lt;p class='event_details'&gt;{column_title}&lt;\\\/p&gt;\\n&lt;p class='event_details'&gt;{event_start} - {event_end}&lt;\\\/p&gt;\\n&lt;\\\/div&gt;\\n&lt;p class='info'&gt;This is a confirmation of your booking. Your booking is now complete and a confirmation email has been sent to you.&lt;\\\/p&gt;\\n&lt;div class='tt_btn_wrapper'&gt;{tt_btn_continue}&lt;\\\/div&gt;&quot;,&quot;filter_label&quot;:&quot;All Events&quot;,&quot;filter_label_2&quot;:&quot;All Events Categories&quot;,&quot;hour_category&quot;:&quot;&quot;,&quot;columns&quot;:&quot;lundi,mardi,mercredi,jeudi,vendredi&quot;,&quot;time_format&quot;:&quot;H.i&quot;,&quot;hide_hours_column&quot;:&quot;0&quot;,&quot;hide_all_events_view&quot;:&quot;0&quot;,&quot;show_end_hour&quot;:&quot;1&quot;,&quot;event_layout&quot;:&quot;3&quot;,&quot;box_bg_color&quot;:&quot;#00a27c&quot;,&quot;box_hover_bg_color&quot;:&quot;#1f736a&quot;,&quot;box_txt_color&quot;:&quot;#ffffff&quot;,&quot;box_hover_txt_color&quot;:&quot;#ffffff&quot;,&quot;box_hours_txt_color&quot;:&quot;#ffffff&quot;,&quot;box_hours_hover_txt_color&quot;:&quot;#ffffff&quot;,&quot;filter_color&quot;:&quot;#00a27c&quot;,&quot;row1_color&quot;:&quot;#f0f0f0&quot;,&quot;row2_color&quot;:&quot;&quot;,&quot;generate_pdf_text_color&quot;:&quot;FFFFFF&quot;,&quot;generate_pdf_bg_color&quot;:&quot;00A27C&quot;,&quot;generate_pdf_hover_text_color&quot;:&quot;FFFFFF&quot;,&quot;generate_pdf_hover_bg_color&quot;:&quot;1F736A&quot;,&quot;booking_text_color&quot;:&quot;FFFFFF&quot;,&quot;booking_bg_color&quot;:&quot;05BB90&quot;,&quot;booking_hover_text_color&quot;:&quot;FFFFFF&quot;,&quot;booking_hover_bg_color&quot;:&quot;07B38A&quot;,&quot;booked_text_color&quot;:&quot;AAAAAA&quot;,&quot;booked_bg_color&quot;:&quot;EEEEEE&quot;,&quot;unavailable_text_color&quot;:&quot;AAAAAA&quot;,&quot;unavailable_bg_color&quot;:&quot;EEEEEE&quot;,&quot;available_slots_color&quot;:&quot;FFD544&quot;,&quot;hide_empty&quot;:&quot;0&quot;,&quot;disable_event_url&quot;:&quot;0&quot;,&quot;text_align&quot;:&quot;center&quot;,&quot;row_height&quot;:&quot;31&quot;,&quot;id&quot;:&quot;&quot;,&quot;shortcode_id&quot;:&quot;gym-aquatique&quot;,&quot;desktop_list_view&quot;:&quot;0&quot;,&quot;responsive&quot;:&quot;1&quot;,&quot;event_description_responsive&quot;:&quot;none&quot;,&quot;collapse_event_hours_responsive&quot;:&quot;0&quot;,&quot;colors_responsive_mode&quot;:&quot;0&quot;,&quot;export_to_pdf_button&quot;:&quot;0&quot;,&quot;generate_pdf_label&quot;:&quot;Generate PDF&quot;,&quot;pdf_font&quot;:&quot;lato&quot;,&quot;direction&quot;:&quot;ltr&quot;,&quot;font_custom&quot;:&quot;&quot;,&quot;font&quot;:&quot;&quot;,&quot;font_subset&quot;:&quot;&quot;,&quot;font_size&quot;:&quot;&quot;,&quot;custom_css&quot;:&quot;.tt_timetable .hours {font-weight:400;font-size:24px;} .events_filter {display:none;}&quot;,&quot;0&quot;:&quot;tt_timetable&quot;}\" \/><\/div>[\/vc_column][\/vc_row]<\/p>\n<\/section>","protected":false},"excerpt":{"rendered":"<p>[vc_row][vc_column][vc_column_text][\/vc_column_text][\/vc_column][\/vc_row][vc_row content_placement=\u00a0\u00bbmiddle\u00a0\u00bb][vc_column width=\u00a0\u00bb1\/2&Prime;][vc_single_image image=\u00a0\u00bb473&Prime; img_size=\u00a0\u00bbmedium\u00a0\u00bb alignment=\u00a0\u00bbcenter\u00a0\u00bb style=\u00a0\u00bbvc_box_circle\u00a0\u00bb css_animation=\u00a0\u00bbappear\u00a0\u00bb][\/vc_column][vc_column width=\u00a0\u00bb1\/2&Prime;][vc_cta h2=\u00a0\u00bbS\u00e9ances adapt\u00e9es de gymnastique dans l\u2019eau\u00a0\u00bb h4=\u00a0\u00bbm\u00eame pour les personnes ne sachant pas nager\u00a0\u00bb h4_font_container=\u00a0\u00bbcolor:%23a0c62d\u00a0\u00bb h4_use_theme_fonts=\u00a0\u00bbyes\u00a0\u00bb txt_align=\u00a0\u00bbcenter\u00a0\u00bb style=\u00a0\u00bboutline\u00a0\u00bb el_width=\u00a0\u00bbxl\u00a0\u00bb css_animation=\u00a0\u00bbappear\u00a0\u00bb use_custom_fonts_h4=\u00a0\u00bbtrue\u00a0\u00bb css=\u00a0\u00bb.vc_custom_1477580830659{background-position: center !important;background-repeat: no-repeat !important;background-size: contain !important;}\u00a0\u00bb][\/vc_cta][\/vc_column][\/vc_row][vc_row][vc_column width=\u00a0\u00bb1\/2&Prime;][vc_custom_heading text=\u00a0\u00bbObjectif\u00a0\u00bb font_container=\u00a0\u00bbtag:h3|text_align:left\u00a0\u00bb google_fonts=\u00a0\u00bbfont_family:Montserrat%3Aregular%2C700|font_style:400%20regular%3A400%3Anormal\u00a0\u00bb][vc_column_text]L\u2019objectif des s\u00e9ances est de maintenir une bonne mobilit\u00e9 g\u00e9n\u00e9rale et la souplesse articulaire.[\/vc_column_text][\/vc_column][vc_column width=\u00a0\u00bb1\/2&Prime;][vc_custom_heading [&hellip;]<\/p>\n","protected":false},"author":2,"featured_media":0,"parent":0,"menu_order":0,"comment_status":"closed","ping_status":"closed","template":"","meta":[],"_links":{"self":[{"href":"https:\/\/www.jamesandco.org\/sport-sante\/wp-json\/wp\/v2\/pages\/190"}],"collection":[{"href":"https:\/\/www.jamesandco.org\/sport-sante\/wp-json\/wp\/v2\/pages"}],"about":[{"href":"https:\/\/www.jamesandco.org\/sport-sante\/wp-json\/wp\/v2\/types\/page"}],"author":[{"embeddable":true,"href":"https:\/\/www.jamesandco.org\/sport-sante\/wp-json\/wp\/v2\/users\/2"}],"replies":[{"embeddable":true,"href":"https:\/\/www.jamesandco.org\/sport-sante\/wp-json\/wp\/v2\/comments?post=190"}],"version-history":[{"count":16,"href":"https:\/\/www.jamesandco.org\/sport-sante\/wp-json\/wp\/v2\/pages\/190\/revisions"}],"predecessor-version":[{"id":1053,"href":"https:\/\/www.jamesandco.org\/sport-sante\/wp-json\/wp\/v2\/pages\/190\/revisions\/1053"}],"wp:attachment":[{"href":"https:\/\/www.jamesandco.org\/sport-sante\/wp-json\/wp\/v2\/media?parent=190"}],"curies":[{"name":"wp","href":"https:\/\/api.w.org\/{rel}","templated":true}]}}